{"id":7,"date":"2021-06-23T13:34:55","date_gmt":"2021-06-23T13:34:55","guid":{"rendered":"https:\/\/sushi-edo.de\/?page_id=7"},"modified":"2026-02-27T00:06:17","modified_gmt":"2026-02-27T00:06:17","slug":"home","status":"publish","type":"page","link":"https:\/\/sushi-edo.de\/","title":{"rendered":"Home"},"content":{"rendered":"<p><\/p>\n\n<!-- wp:themify-builder\/canvas \/--><!--themify_builder_static--><h1 style=\"text-align: center;\"><strong>Sushi Edo<\/strong><\/h1> <h2><\/h2>\n<h4><\/h4> <h4 style=\"text-align: center;\"><span class=\"glf-button-default glf-button \" style='background-color:#FF1919; color:#FFFFFF !important; font-weight:normal; font-size:18px; padding:16px; border-radius:5px; font-family:\"Arial\", sans-serif; '  data-glf-cuid=\"\" data-glf-ruid=\"9aa54621-9f48-4192-85c7-43e160307ae8\"  data-location=\"9aa54621-9f48-4192-85c7-43e160307ae8\">Jetzt Bestellen!<\/span><script src=\"https:\/\/www.fbgcdn.com\/embedder\/js\/ewm2.js\" defer async ><\/script><style> .glf-ordering-location > span{display:none;} <\/style><\/h4>\n<a href=\"tel:+499113238512\"> <i><svg aria-hidden=\"true\"><use href=\"#tf-fas-phone-square-alt\"><\/use><\/svg><\/i> +49 911 3238512 <\/a>\n<a href=\"tel:+4915227656789\"> <i><svg aria-hidden=\"true\"><use href=\"#tf-ti-mobile\"><\/use><\/svg><\/i> +49 1522 7656789 <\/a>\n<img loading=\"lazy\" decoding=\"async\" width=\"2560\" height=\"1920\" src=\"https:\/\/sushi-edo.de\/wp-content\/uploads\/2026\/02\/IMG_8111-scaled.jpg\" title=\"IMG_8111\" alt=\"IMG_8111\" srcset=\"https:\/\/sushi-edo.de\/wp-content\/uploads\/2026\/02\/IMG_8111-scaled.jpg 2560w, https:\/\/sushi-edo.de\/wp-content\/uploads\/2026\/02\/IMG_8111-300x225.jpg 300w, https:\/\/sushi-edo.de\/wp-content\/uploads\/2026\/02\/IMG_8111-1024x768.jpg 1024w, https:\/\/sushi-edo.de\/wp-content\/uploads\/2026\/02\/IMG_8111-768x576.jpg 768w, https:\/\/sushi-edo.de\/wp-content\/uploads\/2026\/02\/IMG_8111-1536x1152.jpg 1536w, https:\/\/sushi-edo.de\/wp-content\/uploads\/2026\/02\/IMG_8111-2048x1536.jpg 2048w\" sizes=\"auto, (max-width: 2560px) 100vw, 2560px\" \/>\n<img loading=\"lazy\" decoding=\"async\" width=\"1920\" height=\"2560\" src=\"https:\/\/sushi-edo.de\/wp-content\/uploads\/2026\/02\/IMG_2336-scaled.jpg\" title=\"IMG_2336\" alt=\"IMG_2336\" srcset=\"https:\/\/sushi-edo.de\/wp-content\/uploads\/2026\/02\/IMG_2336-scaled.jpg 1920w, https:\/\/sushi-edo.de\/wp-content\/uploads\/2026\/02\/IMG_2336-225x300.jpg 225w, https:\/\/sushi-edo.de\/wp-content\/uploads\/2026\/02\/IMG_2336-768x1024.jpg 768w, https:\/\/sushi-edo.de\/wp-content\/uploads\/2026\/02\/IMG_2336-1152x1536.jpg 1152w, https:\/\/sushi-edo.de\/wp-content\/uploads\/2026\/02\/IMG_2336-1536x2048.jpg 1536w\" sizes=\"auto, (max-width: 1920px) 100vw, 1920px\" \/>\n<img loading=\"lazy\" decoding=\"async\" width=\"2560\" height=\"1920\" src=\"https:\/\/sushi-edo.de\/wp-content\/uploads\/2026\/02\/IMG_7605-scaled.jpg\" title=\"IMG_7605\" alt=\"IMG_7605\" srcset=\"https:\/\/sushi-edo.de\/wp-content\/uploads\/2026\/02\/IMG_7605-scaled.jpg 2560w, https:\/\/sushi-edo.de\/wp-content\/uploads\/2026\/02\/IMG_7605-300x225.jpg 300w, https:\/\/sushi-edo.de\/wp-content\/uploads\/2026\/02\/IMG_7605-1024x768.jpg 1024w, https:\/\/sushi-edo.de\/wp-content\/uploads\/2026\/02\/IMG_7605-768x576.jpg 768w, https:\/\/sushi-edo.de\/wp-content\/uploads\/2026\/02\/IMG_7605-1536x1152.jpg 1536w, https:\/\/sushi-edo.de\/wp-content\/uploads\/2026\/02\/IMG_7605-2048x1536.jpg 2048w\" sizes=\"auto, (max-width: 2560px) 100vw, 2560px\" \/>\n\n<a href=\"https:\/\/sushi-edo.de\/wp-content\/uploads\/2026\/02\/menu1.pdf\" target=\"_blank\" rel=\"noopener\" download> Mittagskarte Angebot <\/a>\n<a href=\"https:\/\/sushi-edo.de\/wp-content\/uploads\/2026\/02\/menu2.pdf\" target=\"_blank\" rel=\"noopener\" download> Men\u00fc <\/a>\n\n<img loading=\"lazy\" decoding=\"async\" width=\"800\" height=\"533\" src=\"https:\/\/sushi-edo.de\/wp-content\/uploads\/2021\/06\/edolicious-e1624460420970.jpg\" title=\"edolicious\" alt=\"edolicious\">\n<img loading=\"lazy\" decoding=\"async\" width=\"2560\" height=\"1920\" src=\"https:\/\/sushi-edo.de\/wp-content\/uploads\/2026\/02\/IMG_8234-scaled.jpg\" title=\"IMG_8234\" alt=\"IMG_8234\" srcset=\"https:\/\/sushi-edo.de\/wp-content\/uploads\/2026\/02\/IMG_8234-scaled.jpg 2560w, https:\/\/sushi-edo.de\/wp-content\/uploads\/2026\/02\/IMG_8234-300x225.jpg 300w, https:\/\/sushi-edo.de\/wp-content\/uploads\/2026\/02\/IMG_8234-1024x768.jpg 1024w, https:\/\/sushi-edo.de\/wp-content\/uploads\/2026\/02\/IMG_8234-768x576.jpg 768w, https:\/\/sushi-edo.de\/wp-content\/uploads\/2026\/02\/IMG_8234-1536x1152.jpg 1536w, https:\/\/sushi-edo.de\/wp-content\/uploads\/2026\/02\/IMG_8234-2048x1536.jpg 2048w\" sizes=\"auto, (max-width: 2560px) 100vw, 2560px\" \/>\n<img loading=\"lazy\" decoding=\"async\" width=\"2434\" height=\"2560\" src=\"https:\/\/sushi-edo.de\/wp-content\/uploads\/2026\/02\/RJJU1967-scaled.jpg\" title=\"RJJU1967\" alt=\"RJJU1967\" srcset=\"https:\/\/sushi-edo.de\/wp-content\/uploads\/2026\/02\/RJJU1967-scaled.jpg 2434w, https:\/\/sushi-edo.de\/wp-content\/uploads\/2026\/02\/RJJU1967-285x300.jpg 285w, https:\/\/sushi-edo.de\/wp-content\/uploads\/2026\/02\/RJJU1967-973x1024.jpg 973w, https:\/\/sushi-edo.de\/wp-content\/uploads\/2026\/02\/RJJU1967-768x808.jpg 768w, https:\/\/sushi-edo.de\/wp-content\/uploads\/2026\/02\/RJJU1967-1460x1536.jpg 1460w, https:\/\/sushi-edo.de\/wp-content\/uploads\/2026\/02\/RJJU1967-1947x2048.jpg 1947w\" sizes=\"auto, (max-width: 2434px) 100vw, 2434px\" \/>\n<h2>Die Enstehung des Sushi<\/h2>\n\nSushi war urspr\u00fcnglich eine Methode in Asien, um Fisch durch G\u00e4rung haltbar zu machen. Der Fisch wurde gesalzen, in mehrere Lagen Reis geh\u00fcllt und mit Steinen zusammen gepresst. Man a\u00df Monate sp\u00e4ter nur den Fisch, der Reis wurde nicht verzehrt. \u00a0 Mitte des 17.Jahrhundert entdeckte man, dass Reis durch die Beigabe von Essig in wesentlich k\u00fcrzerer Zeit g\u00e4ren kann. Au\u00dferdem erkannte man, dass der Fisch mit Reis viel besser schmeckte als ohne. Dadurch entstand die Grundlage viele Variationen, bei denen man auf das Steingewicht verzichtet. \u00a0 Die bedeutendste Variante des Sushi ist sicherlich nigiri-zushi, das im fr\u00fchen 19.Jahrhundert in Edo (dem heutigen Tokio) entwickelt wurde. Zum G\u00e4ren und Formen von Sushi waren der Druck und die Eigenw\u00e4rme der H\u00e4nde entscheidend. So l\u00e4sst sich der G\u00e4rungsprozess auf wenige Minute verk\u00fcrzen. Zuvor war das nori-maki-zushi entwickelt worden, bei dem man eine Bambus-Rollmatte und die H\u00e4nde benutzte. Diese Variante ist heute genauso beliebt wie nigiri-zushi.\n<h2>Warum ist Sushi so gesund?<\/h2>\n\n<p>Fisch enth\u00e4lt hochwertiges, leicht verdauliches Eiwei\u00df, wertvolle Omega-3-Fetts\u00e4uren, Vitamine und Mineralstoffe. Au\u00dferdem sorgt die Zusammenstellung von Sushi f\u00fcr eine relativ niedrige Energiezufuhr. Wenn Sie gerne Sushi essen, dann tun Sie Ihrer Gesundheit etwas Gutes.<\/p>\n<h2>\u00d6ffnungszeiten<\/h2>\n\n<p><strong>Montag &#8211; Freitag<\/strong> 11:00-14:00 Uhr und 17:00 bis 21:00 Uhr<\/p> <p><strong>Samstags und Feiertags<\/strong>: 16:00 &#8211; 21:00 Uhr<\/p> <p><strong>Sonntags<\/strong>: Ruhetag<\/p>\n<a href=\"tel:+499113238512\"> <i><svg aria-hidden=\"true\"><use href=\"#tf-fas-phone-square-alt\"><\/use><\/svg><\/i> +911 3238512 <\/a>\n<a href=\"mailto:info@sushi-edo.de\"> <i><svg aria-hidden=\"true\"><use href=\"#tf-ti-email\"><\/use><\/svg><\/i> info@sushi-edo.de <\/a>\n<h2>Unser Standort<\/h2>\n\n<img loading=\"lazy\" decoding=\"async\" width=\"2342\" height=\"1657\" src=\"https:\/\/sushi-edo.de\/wp-content\/uploads\/2021\/06\/Lageplan_waagerecht2-1.png\" title=\"Lageplan_waagerecht2-1\" alt=\"Lageplan_waagerecht2-1\" srcset=\"https:\/\/sushi-edo.de\/wp-content\/uploads\/2021\/06\/Lageplan_waagerecht2-1.png 2342w, https:\/\/sushi-edo.de\/wp-content\/uploads\/2021\/06\/Lageplan_waagerecht2-1-300x212.png 300w, https:\/\/sushi-edo.de\/wp-content\/uploads\/2021\/06\/Lageplan_waagerecht2-1-1024x724.png 1024w, https:\/\/sushi-edo.de\/wp-content\/uploads\/2021\/06\/Lageplan_waagerecht2-1-768x543.png 768w, https:\/\/sushi-edo.de\/wp-content\/uploads\/2021\/06\/Lageplan_waagerecht2-1-1536x1087.png 1536w, https:\/\/sushi-edo.de\/wp-content\/uploads\/2021\/06\/Lageplan_waagerecht2-1-2048x1449.png 2048w\" sizes=\"auto, (max-width: 2342px) 100vw, 2342px\" \/>\n<h2>Impressum<\/h2>\n\n<p>Sushi Edo\u00a0 N\u00fcrnberg GmbH<br \/>Fahrradstra\u00dfe 58<br \/>90429 N\u00fcrnberg<\/p> <p>Tel:+0911 3238512<\/p> <p>Betriebsinhaber: Tran Van Hai<br \/>Firmensitz\/ Registergericht: N\u00fcrnberg<br \/>Umsatzsteuer-Identifikationsnummer: DE261181575<\/p> <p style=\"text-align: left;\">Inhaltlich verantwortlich: Tran Van Hai<\/p><!--\/themify_builder_static-->","protected":false},"excerpt":{"rendered":"<p>Sushi Edo +49 911 3238512 +49 1522 7656789 Mittagskarte Angebot Men\u00fc Die Enstehung des Sushi Sushi war urspr\u00fcnglich eine Methode in Asien, um Fisch durch G\u00e4rung haltbar zu machen. Der Fisch wurde gesalzen, in mehrere Lagen Reis geh\u00fcllt und mit Steinen zusammen gepresst. Man a\u00df Monate sp\u00e4ter nur den Fisch, der Reis wurde nicht verzehrt. [&hellip;]<\/p>\n","protected":false},"author":1,"featured_media":0,"parent":0,"menu_order":0,"comment_status":"closed","ping_status":"closed","template":"","meta":{"footnotes":""},"class_list":["post-7","page","type-page","status-publish","hentry","has-post-title","has-post-date","has-post-category","has-post-tag","has-post-comment","has-post-author",""],"builder_content":"<h1 style=\"text-align: center;\"><strong>Sushi Edo<\/strong><\/h1> <h2><\/h2>\n<h4><\/h4> <h4 style=\"text-align: center;\">[restaurant-menu-and-ordering ruid=\"9aa54621-9f48-4192-85c7-43e160307ae8\"]<\/h4>\n<a href=\"tel:+499113238512\"> <i><svg aria-hidden=\"true\"><use href=\"#tf-fas-phone-square-alt\"><\/use><\/svg><\/i> +49 911 3238512 <\/a>\n<a href=\"tel:+4915227656789\"> <i><svg aria-hidden=\"true\"><use href=\"#tf-ti-mobile\"><\/use><\/svg><\/i> +49 1522 7656789 <\/a>\n<img loading=\"lazy\" decoding=\"async\" width=\"2560\" height=\"1920\" src=\"https:\/\/sushi-edo.de\/wp-content\/uploads\/2026\/02\/IMG_8111-scaled.jpg\" title=\"IMG_8111\" alt=\"IMG_8111\" srcset=\"https:\/\/sushi-edo.de\/wp-content\/uploads\/2026\/02\/IMG_8111-scaled.jpg 2560w, https:\/\/sushi-edo.de\/wp-content\/uploads\/2026\/02\/IMG_8111-300x225.jpg 300w, https:\/\/sushi-edo.de\/wp-content\/uploads\/2026\/02\/IMG_8111-1024x768.jpg 1024w, https:\/\/sushi-edo.de\/wp-content\/uploads\/2026\/02\/IMG_8111-768x576.jpg 768w, https:\/\/sushi-edo.de\/wp-content\/uploads\/2026\/02\/IMG_8111-1536x1152.jpg 1536w, https:\/\/sushi-edo.de\/wp-content\/uploads\/2026\/02\/IMG_8111-2048x1536.jpg 2048w\" sizes=\"auto, (max-width: 2560px) 100vw, 2560px\" \/>\n<img loading=\"lazy\" decoding=\"async\" width=\"1920\" height=\"2560\" src=\"https:\/\/sushi-edo.de\/wp-content\/uploads\/2026\/02\/IMG_2336-scaled.jpg\" title=\"IMG_2336\" alt=\"IMG_2336\" srcset=\"https:\/\/sushi-edo.de\/wp-content\/uploads\/2026\/02\/IMG_2336-scaled.jpg 1920w, https:\/\/sushi-edo.de\/wp-content\/uploads\/2026\/02\/IMG_2336-225x300.jpg 225w, https:\/\/sushi-edo.de\/wp-content\/uploads\/2026\/02\/IMG_2336-768x1024.jpg 768w, https:\/\/sushi-edo.de\/wp-content\/uploads\/2026\/02\/IMG_2336-1152x1536.jpg 1152w, https:\/\/sushi-edo.de\/wp-content\/uploads\/2026\/02\/IMG_2336-1536x2048.jpg 1536w\" sizes=\"auto, (max-width: 1920px) 100vw, 1920px\" \/>\n<img loading=\"lazy\" decoding=\"async\" width=\"2560\" height=\"1920\" src=\"https:\/\/sushi-edo.de\/wp-content\/uploads\/2026\/02\/IMG_7605-scaled.jpg\" title=\"IMG_7605\" alt=\"IMG_7605\" srcset=\"https:\/\/sushi-edo.de\/wp-content\/uploads\/2026\/02\/IMG_7605-scaled.jpg 2560w, https:\/\/sushi-edo.de\/wp-content\/uploads\/2026\/02\/IMG_7605-300x225.jpg 300w, https:\/\/sushi-edo.de\/wp-content\/uploads\/2026\/02\/IMG_7605-1024x768.jpg 1024w, https:\/\/sushi-edo.de\/wp-content\/uploads\/2026\/02\/IMG_7605-768x576.jpg 768w, https:\/\/sushi-edo.de\/wp-content\/uploads\/2026\/02\/IMG_7605-1536x1152.jpg 1536w, https:\/\/sushi-edo.de\/wp-content\/uploads\/2026\/02\/IMG_7605-2048x1536.jpg 2048w\" sizes=\"auto, (max-width: 2560px) 100vw, 2560px\" \/>\n\n<a href=\"https:\/\/sushi-edo.de\/wp-content\/uploads\/2026\/02\/menu1.pdf\" target=\"_blank\" rel=\"noopener\" download> Mittagskarte Angebot <\/a>\n<a href=\"https:\/\/sushi-edo.de\/wp-content\/uploads\/2026\/02\/menu2.pdf\" target=\"_blank\" rel=\"noopener\" download> Men\u00fc <\/a>\n\n<img loading=\"lazy\" decoding=\"async\" width=\"800\" height=\"533\" src=\"https:\/\/sushi-edo.de\/wp-content\/uploads\/2021\/06\/edolicious-e1624460420970.jpg\" title=\"edolicious\" alt=\"edolicious\">\n<img loading=\"lazy\" decoding=\"async\" width=\"2560\" height=\"1920\" src=\"https:\/\/sushi-edo.de\/wp-content\/uploads\/2026\/02\/IMG_8234-scaled.jpg\" title=\"IMG_8234\" alt=\"IMG_8234\" srcset=\"https:\/\/sushi-edo.de\/wp-content\/uploads\/2026\/02\/IMG_8234-scaled.jpg 2560w, https:\/\/sushi-edo.de\/wp-content\/uploads\/2026\/02\/IMG_8234-300x225.jpg 300w, https:\/\/sushi-edo.de\/wp-content\/uploads\/2026\/02\/IMG_8234-1024x768.jpg 1024w, https:\/\/sushi-edo.de\/wp-content\/uploads\/2026\/02\/IMG_8234-768x576.jpg 768w, https:\/\/sushi-edo.de\/wp-content\/uploads\/2026\/02\/IMG_8234-1536x1152.jpg 1536w, https:\/\/sushi-edo.de\/wp-content\/uploads\/2026\/02\/IMG_8234-2048x1536.jpg 2048w\" sizes=\"auto, (max-width: 2560px) 100vw, 2560px\" \/>\n<img loading=\"lazy\" decoding=\"async\" width=\"2434\" height=\"2560\" src=\"https:\/\/sushi-edo.de\/wp-content\/uploads\/2026\/02\/RJJU1967-scaled.jpg\" title=\"RJJU1967\" alt=\"RJJU1967\" srcset=\"https:\/\/sushi-edo.de\/wp-content\/uploads\/2026\/02\/RJJU1967-scaled.jpg 2434w, https:\/\/sushi-edo.de\/wp-content\/uploads\/2026\/02\/RJJU1967-285x300.jpg 285w, https:\/\/sushi-edo.de\/wp-content\/uploads\/2026\/02\/RJJU1967-973x1024.jpg 973w, https:\/\/sushi-edo.de\/wp-content\/uploads\/2026\/02\/RJJU1967-768x808.jpg 768w, https:\/\/sushi-edo.de\/wp-content\/uploads\/2026\/02\/RJJU1967-1460x1536.jpg 1460w, https:\/\/sushi-edo.de\/wp-content\/uploads\/2026\/02\/RJJU1967-1947x2048.jpg 1947w\" sizes=\"auto, (max-width: 2434px) 100vw, 2434px\" \/>\n<h2>Die Enstehung des Sushi<\/h2>\n\nSushi war urspr\u00fcnglich eine Methode in Asien, um Fisch durch G\u00e4rung haltbar zu machen. Der Fisch wurde gesalzen, in mehrere Lagen Reis geh\u00fcllt und mit Steinen zusammen gepresst. Man a\u00df Monate sp\u00e4ter nur den Fisch, der Reis wurde nicht verzehrt. \u00a0 Mitte des 17.Jahrhundert entdeckte man, dass Reis durch die Beigabe von Essig in wesentlich k\u00fcrzerer Zeit g\u00e4ren kann. Au\u00dferdem erkannte man, dass der Fisch mit Reis viel besser schmeckte als ohne. Dadurch entstand die Grundlage viele Variationen, bei denen man auf das Steingewicht verzichtet. \u00a0 Die bedeutendste Variante des Sushi ist sicherlich nigiri-zushi, das im fr\u00fchen 19.Jahrhundert in Edo (dem heutigen Tokio) entwickelt wurde. Zum G\u00e4ren und Formen von Sushi waren der Druck und die Eigenw\u00e4rme der H\u00e4nde entscheidend. So l\u00e4sst sich der G\u00e4rungsprozess auf wenige Minute verk\u00fcrzen. Zuvor war das nori-maki-zushi entwickelt worden, bei dem man eine Bambus-Rollmatte und die H\u00e4nde benutzte. Diese Variante ist heute genauso beliebt wie nigiri-zushi.\n<h2>Warum ist Sushi so gesund?<\/h2>\n\n<p>Fisch enth\u00e4lt hochwertiges, leicht verdauliches Eiwei\u00df, wertvolle Omega-3-Fetts\u00e4uren, Vitamine und Mineralstoffe. Au\u00dferdem sorgt die Zusammenstellung von Sushi f\u00fcr eine relativ niedrige Energiezufuhr. Wenn Sie gerne Sushi essen, dann tun Sie Ihrer Gesundheit etwas Gutes.<\/p>\n<h2>\u00d6ffnungszeiten<\/h2>\n\n<p><strong>Montag - Freitag<\/strong> 11:00-14:00 Uhr und 17:00 bis 21:00 Uhr<\/p> <p><strong>Samstags und Feiertags<\/strong>: 16:00 - 21:00 Uhr<\/p> <p><strong>Sonntags<\/strong>: Ruhetag<\/p>\n<a href=\"tel:+499113238512\"> <i><svg aria-hidden=\"true\"><use href=\"#tf-fas-phone-square-alt\"><\/use><\/svg><\/i> +911 3238512 <\/a>\n<a href=\"mailto:info@sushi-edo.de\"> <i><svg aria-hidden=\"true\"><use href=\"#tf-ti-email\"><\/use><\/svg><\/i> info@sushi-edo.de <\/a>\n<h2>Unser Standort<\/h2>\n\n<img loading=\"lazy\" decoding=\"async\" width=\"2342\" height=\"1657\" src=\"https:\/\/sushi-edo.de\/wp-content\/uploads\/2021\/06\/Lageplan_waagerecht2-1.png\" title=\"Lageplan_waagerecht2-1\" alt=\"Lageplan_waagerecht2-1\" srcset=\"https:\/\/sushi-edo.de\/wp-content\/uploads\/2021\/06\/Lageplan_waagerecht2-1.png 2342w, https:\/\/sushi-edo.de\/wp-content\/uploads\/2021\/06\/Lageplan_waagerecht2-1-300x212.png 300w, https:\/\/sushi-edo.de\/wp-content\/uploads\/2021\/06\/Lageplan_waagerecht2-1-1024x724.png 1024w, https:\/\/sushi-edo.de\/wp-content\/uploads\/2021\/06\/Lageplan_waagerecht2-1-768x543.png 768w, https:\/\/sushi-edo.de\/wp-content\/uploads\/2021\/06\/Lageplan_waagerecht2-1-1536x1087.png 1536w, https:\/\/sushi-edo.de\/wp-content\/uploads\/2021\/06\/Lageplan_waagerecht2-1-2048x1449.png 2048w\" sizes=\"auto, (max-width: 2342px) 100vw, 2342px\" \/>\n<h2>Impressum<\/h2>\n\n<p>Sushi Edo\u00a0 N\u00fcrnberg GmbH<br \/>Fahrradstra\u00dfe 58<br \/>90429 N\u00fcrnberg<\/p> <p>Tel:+0911 3238512<\/p> <p>Betriebsinhaber: Tran Van Hai<br \/>Firmensitz\/ Registergericht: N\u00fcrnberg<br \/>Umsatzsteuer-Identifikationsnummer: DE261181575<\/p> <p style=\"text-align: left;\">Inhaltlich verantwortlich: Tran Van Hai<\/p>","_links":{"self":[{"href":"https:\/\/sushi-edo.de\/index.php?rest_route=\/wp\/v2\/pages\/7","targetHints":{"allow":["GET"]}}],"collection":[{"href":"https:\/\/sushi-edo.de\/index.php?rest_route=\/wp\/v2\/pages"}],"about":[{"href":"https:\/\/sushi-edo.de\/index.php?rest_route=\/wp\/v2\/types\/page"}],"author":[{"embeddable":true,"href":"https:\/\/sushi-edo.de\/index.php?rest_route=\/wp\/v2\/users\/1"}],"replies":[{"embeddable":true,"href":"https:\/\/sushi-edo.de\/index.php?rest_route=%2Fwp%2Fv2%2Fcomments&post=7"}],"version-history":[{"count":229,"href":"https:\/\/sushi-edo.de\/index.php?rest_route=\/wp\/v2\/pages\/7\/revisions"}],"predecessor-version":[{"id":364,"href":"https:\/\/sushi-edo.de\/index.php?rest_route=\/wp\/v2\/pages\/7\/revisions\/364"}],"wp:attachment":[{"href":"https:\/\/sushi-edo.de\/index.php?rest_route=%2Fwp%2Fv2%2Fmedia&parent=7"}],"curies":[{"name":"wp","href":"https:\/\/api.w.org\/{rel}","templated":true}]}}